{"id":111,"date":"2025-01-03T05:40:20","date_gmt":"2025-01-03T05:40:20","guid":{"rendered":"https:\/\/revistadelasestrellas.com\/?page_id=111"},"modified":"2025-03-15T20:50:24","modified_gmt":"2025-03-15T20:50:24","slug":"programacion","status":"publish","type":"page","link":"https:\/\/revistadelasestrellas.com\/?page_id=111","title":{"rendered":"Programaci\u00f3n"},"content":{"rendered":"\t\t<div data-elementor-type=\"wp-page\" data-elementor-id=\"111\" class=\"elementor elementor-111\">\n\t\t\t\t<div class=\"elementor-element elementor-element-39c2111 e-flex e-con-boxed e-con e-parent\" data-id=\"39c2111\" data-element_type=\"container\">\n\t\t\t\t\t<div class=\"e-con-inner\">\n\t\t\t\t<div class=\"elementor-element elementor-element-03ced1b elementor-widget elementor-widget-html\" data-id=\"03ced1b\" data-element_type=\"widget\" data-widget_type=\"html.default\">\n\t\t\t\t<div class=\"elementor-widget-container\">\n\t\t\t\t\t<iframe src=\"https:\/\/player.xcast.com.br\/player-premium-background\/6892\/aHR0cHM6Ly93d3cucmV2aXN0YWRlbGFzZXN0cmVsbGFzLmNvbS8rMA==\/ffffff\/2\" frameborder=\"0\" width=\"100%\" height=\"150\"><\/iframe>\r\n\t\t\t\t<\/div>\n\t\t\t\t<\/div>\n\t\t\t\t\t<\/div>\n\t\t\t\t<\/div>\n\t\t<div class=\"elementor-element elementor-element-7e26266 e-flex e-con-boxed e-con e-parent\" data-id=\"7e26266\" data-element_type=\"container\" data-settings=\"{&quot;background_background&quot;:&quot;video&quot;,&quot;background_video_link&quot;:&quot;https:\\\/\\\/revistadelasestrellas.com\\\/wp-content\\\/uploads\\\/2025\\\/01\\\/Final-4K-3840x2160_1.mp4&quot;}\">\n\t\t\t\t\t<div class=\"e-con-inner\">\n\t\t<div class=\"elementor-background-video-container elementor-hidden-mobile\">\n\t\t\t\t\t\t\t<video class=\"elementor-background-video-hosted\" autoplay muted playsinline loop><\/video>\n\t\t\t\t\t<\/div>\t\t<div class=\"elementor-element elementor-element-cac93f2 elementor-position-top elementor-widget elementor-widget-image-box\" data-id=\"cac93f2\" data-element_type=\"widget\" data-widget_type=\"image-box.default\">\n\t\t\t\t<div class=\"elementor-widget-container\">\n\t\t\t\t\t<div class=\"elementor-image-box-wrapper\"><figure class=\"elementor-image-box-img\"><img fetchpriority=\"high\" decoding=\"async\" width=\"1024\" height=\"1024\" src=\"https:\/\/revistadelasestrellas.com\/wp-content\/uploads\/2025\/01\/2700062-06-1024x1024.jpg\" class=\"attachment-large size-large wp-image-119\" alt=\"\" srcset=\"https:\/\/revistadelasestrellas.com\/wp-content\/uploads\/2025\/01\/2700062-06-1024x1024.jpg 1024w, https:\/\/revistadelasestrellas.com\/wp-content\/uploads\/2025\/01\/2700062-06-300x300.jpg 300w, https:\/\/revistadelasestrellas.com\/wp-content\/uploads\/2025\/01\/2700062-06-150x150.jpg 150w, https:\/\/revistadelasestrellas.com\/wp-content\/uploads\/2025\/01\/2700062-06-768x768.jpg 768w, https:\/\/revistadelasestrellas.com\/wp-content\/uploads\/2025\/01\/2700062-06-1536x1536.jpg 1536w, https:\/\/revistadelasestrellas.com\/wp-content\/uploads\/2025\/01\/2700062-06-2048x2048.jpg 2048w, https:\/\/revistadelasestrellas.com\/wp-content\/uploads\/2025\/01\/2700062-06-640x640.jpg 640w, https:\/\/revistadelasestrellas.com\/wp-content\/uploads\/2025\/01\/2700062-06-666x666.jpg 666w, https:\/\/revistadelasestrellas.com\/wp-content\/uploads\/2025\/01\/2700062-06-720x720.jpg 720w, https:\/\/revistadelasestrellas.com\/wp-content\/uploads\/2025\/01\/2700062-06-140x140.jpg 140w, https:\/\/revistadelasestrellas.com\/wp-content\/uploads\/2025\/01\/2700062-06-80x80.jpg 80w, https:\/\/revistadelasestrellas.com\/wp-content\/uploads\/2025\/01\/2700062-06-50x50.jpg 50w\" sizes=\"(max-width: 1024px) 100vw, 1024px\" \/><\/figure><div class=\"elementor-image-box-content\"><h5 class=\"elementor-image-box-title\">EL BARULLO RADIO<\/h5><p class=\"elementor-image-box-description\">Programa de revista musical entretenimiento y noticias del espect\u00e1culo generalmente el objetivo es apoyar a agrupaciones o artistas que est\u00e9n iniciando una carrera l\u00f3gicamente tambi\u00e9n se apoya a los consagrados en la m\u00fasica con entrevistas ya sea en vivo video llamada o llamada telef\u00f3nica . Conducido por  Adrian Rodr\u00edguez \"El Fugitivo\"\n<\/p><\/div><\/div>\t\t\t\t<\/div>\n\t\t\t\t<\/div>\n\t\t\t\t\t<\/div>\n\t\t\t\t<\/div>\n\t\t<div class=\"elementor-element elementor-element-6d83990 e-flex e-con-boxed e-con e-parent\" data-id=\"6d83990\" data-element_type=\"container\" data-settings=\"{&quot;background_background&quot;:&quot;video&quot;,&quot;background_video_link&quot;:&quot;https:\\\/\\\/revistadelasestrellas.com\\\/wp-content\\\/uploads\\\/2025\\\/01\\\/Final-4K-3840x2160_1.mp4&quot;}\">\n\t\t\t\t\t<div class=\"e-con-inner\">\n\t\t<div class=\"elementor-background-video-container elementor-hidden-mobile\">\n\t\t\t\t\t\t\t<video class=\"elementor-background-video-hosted\" autoplay muted playsinline loop><\/video>\n\t\t\t\t\t<\/div>\t\t<div class=\"elementor-element elementor-element-f98ba35 elementor-position-top elementor-widget elementor-widget-image-box\" data-id=\"f98ba35\" data-element_type=\"widget\" data-widget_type=\"image-box.default\">\n\t\t\t\t<div class=\"elementor-widget-container\">\n\t\t\t\t\t<div class=\"elementor-image-box-wrapper\"><figure class=\"elementor-image-box-img\"><img decoding=\"async\" width=\"1024\" height=\"1024\" src=\"https:\/\/revistadelasestrellas.com\/wp-content\/uploads\/2025\/01\/2700062-01-1024x1024.jpg\" class=\"attachment-large size-large wp-image-117\" alt=\"\" srcset=\"https:\/\/revistadelasestrellas.com\/wp-content\/uploads\/2025\/01\/2700062-01-1024x1024.jpg 1024w, https:\/\/revistadelasestrellas.com\/wp-content\/uploads\/2025\/01\/2700062-01-300x300.jpg 300w, https:\/\/revistadelasestrellas.com\/wp-content\/uploads\/2025\/01\/2700062-01-150x150.jpg 150w, https:\/\/revistadelasestrellas.com\/wp-content\/uploads\/2025\/01\/2700062-01-768x768.jpg 768w, https:\/\/revistadelasestrellas.com\/wp-content\/uploads\/2025\/01\/2700062-01-1536x1536.jpg 1536w, https:\/\/revistadelasestrellas.com\/wp-content\/uploads\/2025\/01\/2700062-01-2048x2048.jpg 2048w, https:\/\/revistadelasestrellas.com\/wp-content\/uploads\/2025\/01\/2700062-01-640x640.jpg 640w, https:\/\/revistadelasestrellas.com\/wp-content\/uploads\/2025\/01\/2700062-01-666x666.jpg 666w, https:\/\/revistadelasestrellas.com\/wp-content\/uploads\/2025\/01\/2700062-01-720x720.jpg 720w, https:\/\/revistadelasestrellas.com\/wp-content\/uploads\/2025\/01\/2700062-01-140x140.jpg 140w, https:\/\/revistadelasestrellas.com\/wp-content\/uploads\/2025\/01\/2700062-01-80x80.jpg 80w, https:\/\/revistadelasestrellas.com\/wp-content\/uploads\/2025\/01\/2700062-01-50x50.jpg 50w\" sizes=\"(max-width: 1024px) 100vw, 1024px\" \/><\/figure><div class=\"elementor-image-box-content\"><h3 class=\"elementor-image-box-title\">A un pasito de ti...<\/h3><p class=\"elementor-image-box-description\">Programa de entrevistas, charlas y novedades del medio art\u00edstico, directamente desde Chile Joaqu\u00edn Salinas nos complace con su canciones y las de los amigos de Revista de las Estrellas. <\/p><\/div><\/div>\t\t\t\t<\/div>\n\t\t\t\t<\/div>\n\t\t\t\t\t<\/div>\n\t\t\t\t<\/div>\n\t\t<div class=\"elementor-element elementor-element-0fd4f6d e-flex e-con-boxed e-con e-parent\" data-id=\"0fd4f6d\" data-element_type=\"container\" data-settings=\"{&quot;background_background&quot;:&quot;video&quot;,&quot;background_video_link&quot;:&quot;https:\\\/\\\/revistadelasestrellas.com\\\/wp-content\\\/uploads\\\/2025\\\/01\\\/Final-4K-3840x2160_1.mp4&quot;}\">\n\t\t\t\t\t<div class=\"e-con-inner\">\n\t\t<div class=\"elementor-background-video-container elementor-hidden-mobile\">\n\t\t\t\t\t\t\t<video class=\"elementor-background-video-hosted\" autoplay muted playsinline loop><\/video>\n\t\t\t\t\t<\/div>\t\t<div class=\"elementor-element elementor-element-323ca17 elementor-position-top elementor-widget elementor-widget-image-box\" data-id=\"323ca17\" data-element_type=\"widget\" data-widget_type=\"image-box.default\">\n\t\t\t\t<div class=\"elementor-widget-container\">\n\t\t\t\t\t<div class=\"elementor-image-box-wrapper\"><figure class=\"elementor-image-box-img\"><img decoding=\"async\" width=\"1024\" height=\"1024\" src=\"https:\/\/revistadelasestrellas.com\/wp-content\/uploads\/2025\/01\/2700062-02-1024x1024.jpg\" class=\"attachment-large size-large wp-image-118\" alt=\"\" srcset=\"https:\/\/revistadelasestrellas.com\/wp-content\/uploads\/2025\/01\/2700062-02-1024x1024.jpg 1024w, https:\/\/revistadelasestrellas.com\/wp-content\/uploads\/2025\/01\/2700062-02-300x300.jpg 300w, https:\/\/revistadelasestrellas.com\/wp-content\/uploads\/2025\/01\/2700062-02-150x150.jpg 150w, https:\/\/revistadelasestrellas.com\/wp-content\/uploads\/2025\/01\/2700062-02-768x768.jpg 768w, https:\/\/revistadelasestrellas.com\/wp-content\/uploads\/2025\/01\/2700062-02-1536x1536.jpg 1536w, https:\/\/revistadelasestrellas.com\/wp-content\/uploads\/2025\/01\/2700062-02-2048x2048.jpg 2048w, https:\/\/revistadelasestrellas.com\/wp-content\/uploads\/2025\/01\/2700062-02-640x640.jpg 640w, https:\/\/revistadelasestrellas.com\/wp-content\/uploads\/2025\/01\/2700062-02-666x666.jpg 666w, https:\/\/revistadelasestrellas.com\/wp-content\/uploads\/2025\/01\/2700062-02-720x720.jpg 720w, https:\/\/revistadelasestrellas.com\/wp-content\/uploads\/2025\/01\/2700062-02-140x140.jpg 140w, https:\/\/revistadelasestrellas.com\/wp-content\/uploads\/2025\/01\/2700062-02-80x80.jpg 80w, https:\/\/revistadelasestrellas.com\/wp-content\/uploads\/2025\/01\/2700062-02-50x50.jpg 50w\" sizes=\"(max-width: 1024px) 100vw, 1024px\" \/><\/figure><div class=\"elementor-image-box-content\"><h3 class=\"elementor-image-box-title\">Rumores al aire<\/h3><p class=\"elementor-image-box-description\">Podcast \u201cRumores al aire\u201d conducido por Lupita Guzm\u00e1n \u201cLa Zacatecana\u201d , en donde nos presenta interesantes charlas con artistas que nos cuentan de su vida art\u00edstica y de la vida cotidiana . Todos los viernes y s\u00e1bados nos mantendr\u00e1n con el o\u00eddo alerta.<\/p><\/div><\/div>\t\t\t\t<\/div>\n\t\t\t\t<\/div>\n\t\t\t\t\t<\/div>\n\t\t\t\t<\/div>\n\t\t\t\t<\/div>\n\t\t","protected":false},"excerpt":{"rendered":"<p>EL BARULLO RADIO Programa de revista musical entretenimiento y noticias del espect\u00e1culo generalmente el objetivo es apoyar a agrupaciones o [&hellip;]<\/p>\n","protected":false},"author":1,"featured_media":0,"parent":0,"menu_order":0,"comment_status":"closed","ping_status":"closed","template":"elementor_header_footer","meta":{"site-sidebar-layout":"default","site-content-layout":"","ast-site-content-layout":"","site-content-style":"default","site-sidebar-style":"default","ast-global-header-display":"","ast-banner-title-visibility":"","ast-main-header-display":"","ast-hfb-above-header-display":"","ast-hfb-below-header-display":"","ast-hfb-mobile-header-display":"","site-post-title":"","ast-breadcrumbs-content":"","ast-featured-img":"","footer-sml-layout":"","theme-transparent-header-meta":"","adv-header-id-meta":"","stick-header-meta":"","header-above-stick-meta":"","header-main-stick-meta":"","header-below-stick-meta":"","astra-migrate-meta-layouts":"default","ast-page-background-enabled":"default","ast-page-background-meta":{"desktop":{"background-color":"var(--ast-global-color-5)","background-image":"","background-repeat":"repeat","background-position":"center center","background-size":"auto","background-attachment":"scroll","background-type":"","background-media":"","overlay-type":"","overlay-color":"","overlay-opacity":"","overlay-gradient":""},"tablet":{"background-color":"","background-image":"","background-repeat":"repeat","background-position":"center center","background-size":"auto","background-attachment":"scroll","background-type":"","background-media":"","overlay-type":"","overlay-color":"","overlay-opacity":"","overlay-gradient":""},"mobile":{"background-color":"","background-image":"","background-repeat":"repeat","background-position":"center center","background-size":"auto","background-attachment":"scroll","background-type":"","background-media":"","overlay-type":"","overlay-color":"","overlay-opacity":"","overlay-gradient":""}},"ast-content-background-meta":{"desktop":{"background-color":"var(--ast-global-color-4)","background-image":"","background-repeat":"repeat","background-position":"center center","background-size":"auto","background-attachment":"scroll","background-type":"","background-media":"","overlay-type":"","overlay-color":"","overlay-opacity":"","overlay-gradient":""},"tablet":{"background-color":"var(--ast-global-color-4)","background-image":"","background-repeat":"repeat","background-position":"center center","background-size":"auto","background-attachment":"scroll","background-type":"","background-media":"","overlay-type":"","overlay-color":"","overlay-opacity":"","overlay-gradient":""},"mobile":{"background-color":"var(--ast-global-color-4)","background-image":"","background-repeat":"repeat","background-position":"center center","background-size":"auto","background-attachment":"scroll","background-type":"","background-media":"","overlay-type":"","overlay-color":"","overlay-opacity":"","overlay-gradient":""}},"footnotes":""},"class_list":["post-111","page","type-page","status-publish","hentry"],"_links":{"self":[{"href":"https:\/\/revistadelasestrellas.com\/index.php?rest_route=\/wp\/v2\/pages\/111","targetHints":{"allow":["GET"]}}],"collection":[{"href":"https:\/\/revistadelasestrellas.com\/index.php?rest_route=\/wp\/v2\/pages"}],"about":[{"href":"https:\/\/revistadelasestrellas.com\/index.php?rest_route=\/wp\/v2\/types\/page"}],"author":[{"embeddable":true,"href":"https:\/\/revistadelasestrellas.com\/index.php?rest_route=\/wp\/v2\/users\/1"}],"replies":[{"embeddable":true,"href":"https:\/\/revistadelasestrellas.com\/index.php?rest_route=%2Fwp%2Fv2%2Fcomments&post=111"}],"version-history":[{"count":22,"href":"https:\/\/revistadelasestrellas.com\/index.php?rest_route=\/wp\/v2\/pages\/111\/revisions"}],"predecessor-version":[{"id":293,"href":"https:\/\/revistadelasestrellas.com\/index.php?rest_route=\/wp\/v2\/pages\/111\/revisions\/293"}],"wp:attachment":[{"href":"https:\/\/revistadelasestrellas.com\/index.php?rest_route=%2Fwp%2Fv2%2Fmedia&parent=111"}],"curies":[{"name":"wp","href":"https:\/\/api.w.org\/{rel}","templated":true}]}}