{"id":39,"date":"2025-01-02T06:09:09","date_gmt":"2025-01-02T06:09:09","guid":{"rendered":"https:\/\/revistadelasestrellas.com\/privacy-policy-2\/"},"modified":"2025-01-02T06:09:09","modified_gmt":"2025-01-02T06:09:09","slug":"privacy-policy-2","status":"publish","type":"page","link":"https:\/\/revistadelasestrellas.com\/?page_id=39","title":{"rendered":"Pol\u00edtica de privacidad"},"content":{"rendered":"<p dir=\"auto\" class=\"body\"><strong>POL\u00cdTICA DE PRIVACIDAD<\/strong><\/p>\n<p dir=\"auto\" class=\"body\">El presente Pol\u00edtica de  Privacidad establece los t\u00e9rminos en que Radio de las estrellas usa y  protege la informaci\u00f3n que es proporcionada por sus usuarios al momento  de utilizar su sitio web. Esta compa\u00f1\u00eda est\u00e1 comprometida con la  seguridad de los datos de sus usuarios. Cuando le pedimos llenar los  campos de informaci\u00f3n personal con la cual usted pueda ser identificado,  lo hacemos asegurando que s\u00f3lo se emplear\u00e1 de acuerdo con los t\u00e9rminos  de este documento. Sin embargo esta Pol\u00edtica de Privacidad puede cambiar  con el tiempo o ser actualizada por lo que le recomendamos y  enfatizamos revisar continuamente esta p\u00e1gina para asegurarse que est\u00e1  de acuerdo con dichos cambios.<\/p>\n<p dir=\"auto\" class=\"body\"><strong>Informaci\u00f3n que es recogida<\/strong><\/p>\n<p dir=\"auto\" class=\"body\">Nuestro  sitio web podr\u00e1 recoger informaci\u00f3n personal por ejemplo: Nombre,&nbsp;  informaci\u00f3n de contacto como&nbsp; su direcci\u00f3n de correo electr\u00f3nica e  informaci\u00f3n demogr\u00e1fica. As\u00ed mismo cuando sea necesario podr\u00e1 ser  requerida informaci\u00f3n espec\u00edfica para procesar alg\u00fan pedido o realizar  una entrega o facturaci\u00f3n.<\/p>\n<p dir=\"auto\" class=\"body\"><strong>Uso de la informaci\u00f3n recogida<\/strong><\/p>\n<p dir=\"auto\" class=\"body\">Nuestro  sitio web emplea la informaci\u00f3n con el fin de proporcionar el mejor  servicio posible, particularmente para mantener un registro de usuarios,  de pedidos en caso que aplique, y mejorar nuestros productos y  servicios. &nbsp;Es posible que sean enviados correos electr\u00f3nicos  peri\u00f3dicamente a trav\u00e9s de nuestro sitio con ofertas especiales, nuevos  productos y otra informaci\u00f3n publicitaria que consideremos relevante  para usted o que pueda brindarle alg\u00fan beneficio, estos correos  electr\u00f3nicos ser\u00e1n enviados a la direcci\u00f3n que usted proporcione y  podr\u00e1n ser cancelados en cualquier momento.<\/p>\n<p dir=\"auto\" class=\"body\">Radio de las estrellas  est\u00e1 altamente comprometido para cumplir con el compromiso de mantener  su informaci\u00f3n segura. Usamos los sistemas m\u00e1s avanzados y los  actualizamos constantemente para asegurarnos que no exista ning\u00fan acceso  no autorizado.<\/p>\n<p dir=\"auto\" class=\"body\"><strong>Cookies<\/strong><\/p>\n<p dir=\"auto\" class=\"body\">Una cookie se  refiere a un fichero que es enviado con la finalidad de solicitar  permiso para almacenarse en su ordenador, al aceptar dicho fichero se  crea y la cookie sirve entonces para tener informaci\u00f3n respecto al  tr\u00e1fico web, y tambi\u00e9n facilita las futuras visitas a una web  recurrente. Otra funci\u00f3n que tienen las cookies es que con ellas las web  pueden reconocerte individualmente y por tanto brindarte el mejor  servicio personalizado de su web.<\/p>\n<p dir=\"auto\" class=\"body\">Nuestro sitio web emplea las  cookies para poder identificar las p\u00e1ginas que son visitadas y su  frecuencia. Esta informaci\u00f3n es empleada \u00fanicamente para an\u00e1lisis  estad\u00edstico y despu\u00e9s la informaci\u00f3n se elimina de forma permanente.  Usted puede eliminar las cookies en cualquier momento desde su  ordenador. Sin embargo las cookies ayudan a proporcionar un mejor  servicio de los sitios web, est\u00e1s no dan acceso a informaci\u00f3n de su  ordenador ni de usted, a menos de que usted as\u00ed lo quiera y la  proporcione directamente .  Usted puede aceptar o negar el uso de cookies, sin embargo la mayor\u00eda  de navegadores aceptan cookies autom\u00e1ticamente pues sirve para tener un  mejor servicio web. Tambi\u00e9n usted puede cambiar la configuraci\u00f3n de su  ordenador para declinar las cookies. Si se declinan es posible que no  pueda utilizar algunos de nuestros servicios.<\/p>\n<p dir=\"auto\" class=\"body\"><strong>Enlaces a Terceros<\/strong><\/p>\n<p dir=\"auto\" class=\"body\">Este  sitio web pudiera contener en laces a otros sitios que pudieran ser de  su inter\u00e9s. Una vez que usted de clic en estos enlaces y abandone  nuestra p\u00e1gina, ya no tenemos control sobre al sitio al que es  redirigido y por lo tanto no somos responsables de los <a href=\"https:\/\/plantillaterminosycondicionestiendaonline.com\/\">t\u00e9rminos o privacidad<\/a>  ni de la protecci\u00f3n de sus datos en esos otros sitios terceros. Dichos  sitios est\u00e1n sujetos a sus propias pol\u00edticas de privacidad por lo cual  es recomendable que los consulte para confirmar que usted est\u00e1 de  acuerdo con estas.<\/p>\n<p dir=\"auto\" class=\"body\"><strong>Control de su informaci\u00f3n personal<\/strong><\/p>\n<p dir=\"auto\" class=\"body\">En  cualquier momento usted puede restringir la recopilaci\u00f3n o el uso de la  informaci\u00f3n personal que es proporcionada a nuestro sitio web.&nbsp; Cada  vez que se le solicite rellenar un formulario, como el de alta de  usuario, puede marcar o desmarcar la opci\u00f3n de recibir informaci\u00f3n por  correo electr\u00f3nico. &nbsp;En caso de que haya marcado la opci\u00f3n de recibir  nuestro bolet\u00edn o publicidad usted puede cancelarla en cualquier  momento.<\/p>\n<p dir=\"auto\" class=\"body\">Esta compa\u00f1\u00eda no vender\u00e1, ceder\u00e1 ni distribuir\u00e1 la  informaci\u00f3n personal que es recopilada sin su consentimiento, salvo que  sea requerido por un juez con un orden judicial.<\/p>\n<p dir=\"auto\" class=\"body\">Radio de las estrellas Se reserva el derecho de cambiar los t\u00e9rminos de la presente Pol\u00edtica de Privacidad en cualquier momento.<\/p>\n","protected":false},"excerpt":{"rendered":"<p>POL\u00cdTICA DE PRIVACIDAD El presente Pol\u00edtica de Privacidad establece los t\u00e9rminos en que Radio de las estrellas usa y protege [&hellip;]<\/p>\n","protected":false},"author":1,"featured_media":0,"parent":0,"menu_order":0,"comment_status":"closed","ping_status":"closed","template":"","meta":{"site-sidebar-layout":"default","site-content-layout":"","ast-site-content-layout":"","site-content-style":"default","site-sidebar-style":"default","ast-global-header-display":"","ast-banner-title-visibility":"","ast-main-header-display":"","ast-hfb-above-header-display":"","ast-hfb-below-header-display":"","ast-hfb-mobile-header-display":"","site-post-title":"","ast-breadcrumbs-content":"","ast-featured-img":"","footer-sml-layout":"","theme-transparent-header-meta":"","adv-header-id-meta":"","stick-header-meta":"","header-above-stick-meta":"","header-main-stick-meta":"","header-below-stick-meta":"","astra-migrate-meta-layouts":"default","ast-page-background-enabled":"default","ast-page-background-meta":{"desktop":{"background-color":"var(--ast-global-color-5)","background-image":"","background-repeat":"repeat","background-position":"center center","background-size":"auto","background-attachment":"scroll","background-type":"","background-media":"","overlay-type":"","overlay-color":"","overlay-opacity":"","overlay-gradient":""},"tablet":{"background-color":"","background-image":"","background-repeat":"repeat","background-position":"center center","background-size":"auto","background-attachment":"scroll","background-type":"","background-media":"","overlay-type":"","overlay-color":"","overlay-opacity":"","overlay-gradient":""},"mobile":{"background-color":"","background-image":"","background-repeat":"repeat","background-position":"center center","background-size":"auto","background-attachment":"scroll","background-type":"","background-media":"","overlay-type":"","overlay-color":"","overlay-opacity":"","overlay-gradient":""}},"ast-content-background-meta":{"desktop":{"background-color":"var(--ast-global-color-4)","background-image":"","background-repeat":"repeat","background-position":"center center","background-size":"auto","background-attachment":"scroll","background-type":"","background-media":"","overlay-type":"","overlay-color":"","overlay-opacity":"","overlay-gradient":""},"tablet":{"background-color":"var(--ast-global-color-4)","background-image":"","background-repeat":"repeat","background-position":"center center","background-size":"auto","background-attachment":"scroll","background-type":"","background-media":"","overlay-type":"","overlay-color":"","overlay-opacity":"","overlay-gradient":""},"mobile":{"background-color":"var(--ast-global-color-4)","background-image":"","background-repeat":"repeat","background-position":"center center","background-size":"auto","background-attachment":"scroll","background-type":"","background-media":"","overlay-type":"","overlay-color":"","overlay-opacity":"","overlay-gradient":""}},"footnotes":""},"class_list":["post-39","page","type-page","status-publish","hentry"],"_links":{"self":[{"href":"https:\/\/revistadelasestrellas.com\/index.php?rest_route=\/wp\/v2\/pages\/39","targetHints":{"allow":["GET"]}}],"collection":[{"href":"https:\/\/revistadelasestrellas.com\/index.php?rest_route=\/wp\/v2\/pages"}],"about":[{"href":"https:\/\/revistadelasestrellas.com\/index.php?rest_route=\/wp\/v2\/types\/page"}],"author":[{"embeddable":true,"href":"https:\/\/revistadelasestrellas.com\/index.php?rest_route=\/wp\/v2\/users\/1"}],"replies":[{"embeddable":true,"href":"https:\/\/revistadelasestrellas.com\/index.php?rest_route=%2Fwp%2Fv2%2Fcomments&post=39"}],"version-history":[{"count":0,"href":"https:\/\/revistadelasestrellas.com\/index.php?rest_route=\/wp\/v2\/pages\/39\/revisions"}],"wp:attachment":[{"href":"https:\/\/revistadelasestrellas.com\/index.php?rest_route=%2Fwp%2Fv2%2Fmedia&parent=39"}],"curies":[{"name":"wp","href":"https:\/\/api.w.org\/{rel}","templated":true}]}}